{"id":12160,"date":"2026-04-09T14:23:10","date_gmt":"2026-04-09T18:23:10","guid":{"rendered":"https:\/\/ccteht.ca\/?page_id=12160"},"modified":"2026-04-10T09:49:05","modified_gmt":"2026-04-10T13:49:05","slug":"conseil-dadministration-poste-de-tresorier%c2%b7ere","status":"publish","type":"page","link":"https:\/\/ccteht.ca\/fr\/careers\/conseil-dadministration-poste-de-tresorier%c2%b7ere\/","title":{"rendered":"Conseil d&rsquo;administration : Poste de tr\u00e9sorier\u00b7\u00e8re"},"content":{"rendered":"","protected":false},"excerpt":{"rendered":"","protected":false},"author":13,"featured_media":12166,"parent":11628,"menu_order":0,"comment_status":"closed","ping_status":"closed","template":"templates\/template-default-page.php","meta":{"_acf_changed":false,"inline_featured_image":false,"footnotes":""},"class_list":["post-12160","page","type-page","status-publish","has-post-thumbnail","hentry"],"acf":[],"yoast_head":"<!-- This site is optimized with the Yoast SEO plugin v27.5 - https:\/\/yoast.com\/product\/yoast-seo-wordpress\/ -->\n<title>Conseil d&#039;administration : Poste de tr\u00e9sorier\u00b7\u00e8re - The Canadian Centre To End Human Trafficking<\/title>\n<meta name=\"robots\" content=\"index, follow, max-snippet:-1, max-image-preview:large, max-video-preview:-1\" \/>\n<link rel=\"canonical\" href=\"https:\/\/ccteht.ca\/fr\/careers\/conseil-dadministration-poste-de-tresorier%c2%b7ere\/\" \/>\n<meta property=\"og:locale\" content=\"fr_FR\" \/>\n<meta property=\"og:type\" content=\"article\" \/>\n<meta property=\"og:title\" content=\"Conseil d&#039;administration : Poste de tr\u00e9sorier\u00b7\u00e8re - The Canadian Centre To End Human Trafficking\" \/>\n<meta property=\"og:url\" content=\"https:\/\/ccteht.ca\/fr\/careers\/conseil-dadministration-poste-de-tresorier%c2%b7ere\/\" \/>\n<meta property=\"og:site_name\" content=\"The Canadian Centre To End Human Trafficking\" \/>\n<meta property=\"article:modified_time\" content=\"2026-04-10T13:49:05+00:00\" \/>\n<meta property=\"og:image\" content=\"https:\/\/ccteht.ca\/wp-content\/uploads\/2026\/04\/come_work_with_us_treasurer_f.png\" \/>\n\t<meta property=\"og:image:width\" content=\"1200\" \/>\n\t<meta property=\"og:image:height\" content=\"630\" \/>\n\t<meta property=\"og:image:type\" content=\"image\/png\" \/>\n<meta name=\"twitter:card\" content=\"summary_large_image\" \/>\n<meta name=\"twitter:label1\" content=\"Dur\u00e9e de lecture estim\u00e9e\" \/>\n\t<meta name=\"twitter:data1\" content=\"5 minutes\" \/>\n<script type=\"application\/ld+json\" class=\"yoast-schema-graph\">{\"@context\":\"https:\\\/\\\/schema.org\",\"@graph\":[{\"@type\":\"WebPage\",\"@id\":\"https:\\\/\\\/ccteht.ca\\\/fr\\\/careers\\\/conseil-dadministration-poste-de-tresorier%c2%b7ere\\\/\",\"url\":\"https:\\\/\\\/ccteht.ca\\\/fr\\\/careers\\\/conseil-dadministration-poste-de-tresorier%c2%b7ere\\\/\",\"name\":\"Conseil d'administration : Poste de tr\u00e9sorier\u00b7\u00e8re - The Canadian Centre To End Human Trafficking\",\"isPartOf\":{\"@id\":\"https:\\\/\\\/ccteht.ca\\\/fr\\\/#website\"},\"primaryImageOfPage\":{\"@id\":\"https:\\\/\\\/ccteht.ca\\\/fr\\\/careers\\\/conseil-dadministration-poste-de-tresorier%c2%b7ere\\\/#primaryimage\"},\"image\":{\"@id\":\"https:\\\/\\\/ccteht.ca\\\/fr\\\/careers\\\/conseil-dadministration-poste-de-tresorier%c2%b7ere\\\/#primaryimage\"},\"thumbnailUrl\":\"https:\\\/\\\/ccteht.ca\\\/wp-content\\\/uploads\\\/2026\\\/04\\\/come_work_with_us_treasurer_f.png\",\"datePublished\":\"2026-04-09T18:23:10+00:00\",\"dateModified\":\"2026-04-10T13:49:05+00:00\",\"breadcrumb\":{\"@id\":\"https:\\\/\\\/ccteht.ca\\\/fr\\\/careers\\\/conseil-dadministration-poste-de-tresorier%c2%b7ere\\\/#breadcrumb\"},\"inLanguage\":\"fr-FR\",\"potentialAction\":[{\"@type\":\"ReadAction\",\"target\":[\"https:\\\/\\\/ccteht.ca\\\/fr\\\/careers\\\/conseil-dadministration-poste-de-tresorier%c2%b7ere\\\/\"]}]},{\"@type\":\"ImageObject\",\"inLanguage\":\"fr-FR\",\"@id\":\"https:\\\/\\\/ccteht.ca\\\/fr\\\/careers\\\/conseil-dadministration-poste-de-tresorier%c2%b7ere\\\/#primaryimage\",\"url\":\"https:\\\/\\\/ccteht.ca\\\/wp-content\\\/uploads\\\/2026\\\/04\\\/come_work_with_us_treasurer_f.png\",\"contentUrl\":\"https:\\\/\\\/ccteht.ca\\\/wp-content\\\/uploads\\\/2026\\\/04\\\/come_work_with_us_treasurer_f.png\",\"width\":1200,\"height\":630,\"caption\":\"Graphique avec le texte \u00ab Soutenez ce qui rend ce travail possible \u00bb et \u00ab Tr\u00e9sorier\u00b7\u00e8re b\u00e9n\u00e9vole \u00bb. Une personne utilise une calculatrice tout en tenant un crayon au-dessus de documents financiers. Le Centre canadien pour mettre fin \u00e0 la traite des personnes recrute un\u00b7e tr\u00e9sorier\u00b7\u00e8re b\u00e9n\u00e9vole pour son conseil d\u2019administration.\"},{\"@type\":\"BreadcrumbList\",\"@id\":\"https:\\\/\\\/ccteht.ca\\\/fr\\\/careers\\\/conseil-dadministration-poste-de-tresorier%c2%b7ere\\\/#breadcrumb\",\"itemListElement\":[{\"@type\":\"ListItem\",\"position\":1,\"name\":\"Home\",\"item\":\"https:\\\/\\\/ccteht.ca\\\/fr\\\/\"},{\"@type\":\"ListItem\",\"position\":2,\"name\":\"Carri\u00e8res\",\"item\":\"https:\\\/\\\/ccteht.ca\\\/fr\\\/careers\\\/\"},{\"@type\":\"ListItem\",\"position\":3,\"name\":\"Conseil d&#8217;administration : Poste de tr\u00e9sorier\u00b7\u00e8re\"}]},{\"@type\":\"WebSite\",\"@id\":\"https:\\\/\\\/ccteht.ca\\\/fr\\\/#website\",\"url\":\"https:\\\/\\\/ccteht.ca\\\/fr\\\/\",\"name\":\"The Canadian Centre To End Human Trafficking\",\"description\":\"\",\"potentialAction\":[{\"@type\":\"SearchAction\",\"target\":{\"@type\":\"EntryPoint\",\"urlTemplate\":\"https:\\\/\\\/ccteht.ca\\\/fr\\\/?s={search_term_string}\"},\"query-input\":{\"@type\":\"PropertyValueSpecification\",\"valueRequired\":true,\"valueName\":\"search_term_string\"}}],\"inLanguage\":\"fr-FR\"}]}<\/script>\n<!-- \/ Yoast SEO plugin. -->","yoast_head_json":{"title":"Conseil d'administration : Poste de tr\u00e9sorier\u00b7\u00e8re - The Canadian Centre To End Human Trafficking","robots":{"index":"index","follow":"follow","max-snippet":"max-snippet:-1","max-image-preview":"max-image-preview:large","max-video-preview":"max-video-preview:-1"},"canonical":"https:\/\/ccteht.ca\/fr\/careers\/conseil-dadministration-poste-de-tresorier%c2%b7ere\/","og_locale":"fr_FR","og_type":"article","og_title":"Conseil d'administration : Poste de tr\u00e9sorier\u00b7\u00e8re - The Canadian Centre To End Human Trafficking","og_url":"https:\/\/ccteht.ca\/fr\/careers\/conseil-dadministration-poste-de-tresorier%c2%b7ere\/","og_site_name":"The Canadian Centre To End Human Trafficking","article_modified_time":"2026-04-10T13:49:05+00:00","og_image":[{"width":1200,"height":630,"url":"https:\/\/ccteht.ca\/wp-content\/uploads\/2026\/04\/come_work_with_us_treasurer_f.png","type":"image\/png"}],"twitter_card":"summary_large_image","twitter_misc":{"Dur\u00e9e de lecture estim\u00e9e":"5 minutes"},"schema":{"@context":"https:\/\/schema.org","@graph":[{"@type":"WebPage","@id":"https:\/\/ccteht.ca\/fr\/careers\/conseil-dadministration-poste-de-tresorier%c2%b7ere\/","url":"https:\/\/ccteht.ca\/fr\/careers\/conseil-dadministration-poste-de-tresorier%c2%b7ere\/","name":"Conseil d'administration : Poste de tr\u00e9sorier\u00b7\u00e8re - The Canadian Centre To End Human Trafficking","isPartOf":{"@id":"https:\/\/ccteht.ca\/fr\/#website"},"primaryImageOfPage":{"@id":"https:\/\/ccteht.ca\/fr\/careers\/conseil-dadministration-poste-de-tresorier%c2%b7ere\/#primaryimage"},"image":{"@id":"https:\/\/ccteht.ca\/fr\/careers\/conseil-dadministration-poste-de-tresorier%c2%b7ere\/#primaryimage"},"thumbnailUrl":"https:\/\/ccteht.ca\/wp-content\/uploads\/2026\/04\/come_work_with_us_treasurer_f.png","datePublished":"2026-04-09T18:23:10+00:00","dateModified":"2026-04-10T13:49:05+00:00","breadcrumb":{"@id":"https:\/\/ccteht.ca\/fr\/careers\/conseil-dadministration-poste-de-tresorier%c2%b7ere\/#breadcrumb"},"inLanguage":"fr-FR","potentialAction":[{"@type":"ReadAction","target":["https:\/\/ccteht.ca\/fr\/careers\/conseil-dadministration-poste-de-tresorier%c2%b7ere\/"]}]},{"@type":"ImageObject","inLanguage":"fr-FR","@id":"https:\/\/ccteht.ca\/fr\/careers\/conseil-dadministration-poste-de-tresorier%c2%b7ere\/#primaryimage","url":"https:\/\/ccteht.ca\/wp-content\/uploads\/2026\/04\/come_work_with_us_treasurer_f.png","contentUrl":"https:\/\/ccteht.ca\/wp-content\/uploads\/2026\/04\/come_work_with_us_treasurer_f.png","width":1200,"height":630,"caption":"Graphique avec le texte \u00ab Soutenez ce qui rend ce travail possible \u00bb et \u00ab Tr\u00e9sorier\u00b7\u00e8re b\u00e9n\u00e9vole \u00bb. Une personne utilise une calculatrice tout en tenant un crayon au-dessus de documents financiers. Le Centre canadien pour mettre fin \u00e0 la traite des personnes recrute un\u00b7e tr\u00e9sorier\u00b7\u00e8re b\u00e9n\u00e9vole pour son conseil d\u2019administration."},{"@type":"BreadcrumbList","@id":"https:\/\/ccteht.ca\/fr\/careers\/conseil-dadministration-poste-de-tresorier%c2%b7ere\/#breadcrumb","itemListElement":[{"@type":"ListItem","position":1,"name":"Home","item":"https:\/\/ccteht.ca\/fr\/"},{"@type":"ListItem","position":2,"name":"Carri\u00e8res","item":"https:\/\/ccteht.ca\/fr\/careers\/"},{"@type":"ListItem","position":3,"name":"Conseil d&#8217;administration : Poste de tr\u00e9sorier\u00b7\u00e8re"}]},{"@type":"WebSite","@id":"https:\/\/ccteht.ca\/fr\/#website","url":"https:\/\/ccteht.ca\/fr\/","name":"The Canadian Centre To End Human Trafficking","description":"","potentialAction":[{"@type":"SearchAction","target":{"@type":"EntryPoint","urlTemplate":"https:\/\/ccteht.ca\/fr\/?s={search_term_string}"},"query-input":{"@type":"PropertyValueSpecification","valueRequired":true,"valueName":"search_term_string"}}],"inLanguage":"fr-FR"}]}},"_links":{"self":[{"href":"https:\/\/ccteht.ca\/fr\/wp-json\/wp\/v2\/pages\/12160","targetHints":{"allow":["GET"]}}],"collection":[{"href":"https:\/\/ccteht.ca\/fr\/wp-json\/wp\/v2\/pages"}],"about":[{"href":"https:\/\/ccteht.ca\/fr\/wp-json\/wp\/v2\/types\/page"}],"author":[{"embeddable":true,"href":"https:\/\/ccteht.ca\/fr\/wp-json\/wp\/v2\/users\/13"}],"replies":[{"embeddable":true,"href":"https:\/\/ccteht.ca\/fr\/wp-json\/wp\/v2\/comments?post=12160"}],"version-history":[{"count":3,"href":"https:\/\/ccteht.ca\/fr\/wp-json\/wp\/v2\/pages\/12160\/revisions"}],"predecessor-version":[{"id":12168,"href":"https:\/\/ccteht.ca\/fr\/wp-json\/wp\/v2\/pages\/12160\/revisions\/12168"}],"up":[{"embeddable":true,"href":"https:\/\/ccteht.ca\/fr\/wp-json\/wp\/v2\/pages\/11628"}],"wp:featuredmedia":[{"embeddable":true,"href":"https:\/\/ccteht.ca\/fr\/wp-json\/wp\/v2\/media\/12166"}],"wp:attachment":[{"href":"https:\/\/ccteht.ca\/fr\/wp-json\/wp\/v2\/media?parent=12160"}],"curies":[{"name":"wp","href":"https:\/\/api.w.org\/{rel}","templated":true}]}}